{"id":975,"date":"2025-06-05T16:24:43","date_gmt":"2025-06-05T16:24:43","guid":{"rendered":"https:\/\/alexandravalenti.it\/?page_id=975"},"modified":"2025-11-11T11:22:18","modified_gmt":"2025-11-11T11:22:18","slug":"about","status":"publish","type":"page","link":"https:\/\/alexandravalenti.it\/it\/about\/","title":{"rendered":"ABOUT"},"content":{"rendered":"<div class=\"wp-block-stackable-spacer stk-block-spacer stk--no-padding stk-block stk-bd9f598\" data-block-id=\"bd9f598\"><style>.stk-bd9f598 {height:100px !important;}<\/style><\/div>\n\n\n\n<div class=\"wp-block-stackable-heading stk-block-heading stk-block-heading--v2 stk-block stk-03fbbbe\" id=\"alexandra-valenti\" data-block-id=\"03fbbbe\"><h2 class=\"stk-block-heading__text has-text-align-center\">Alexandra Valenti<\/h2><\/div>\n\n\n\n<div class=\"wp-block-stackable-image stk-block-image has-text-align-center stk-block stk-89b7665\" data-block-id=\"89b7665\"><style>.stk-89b7665 .stk-img-figcaption{text-align:center !important;}.stk-89b7665 .stk-img-wrapper{height:400px !important;}.stk-89b7665 .stk-img-wrapper img{object-fit:contain !important;}<\/style><figure><span class=\"stk-img-wrapper stk-image--shape-stretch\"><img loading=\"lazy\" decoding=\"async\" class=\"stk-img wp-image-988\" src=\"https:\/\/alexandravalenti.it\/wp-content\/uploads\/2025\/06\/alex.webp\" width=\"800\" height=\"448\" alt=\"alexandra valenti work\" srcset=\"https:\/\/alexandravalenti.it\/wp-content\/uploads\/2025\/06\/alex.webp 800w, https:\/\/alexandravalenti.it\/wp-content\/uploads\/2025\/06\/alex-300x168.webp 300w, https:\/\/alexandravalenti.it\/wp-content\/uploads\/2025\/06\/alex-768x430.webp 768w\" sizes=\"auto, (max-width: 800px) 100vw, 800px\" \/><\/span><figcaption class=\"stk-img-figcaption\">Photo by Lorenzo De Masi<\/figcaption><\/figure><\/div>\n\n\n\n<div class=\"wp-block-stackable-spacer stk-block-spacer stk--no-padding stk-block stk-e7aafe5\" data-block-id=\"e7aafe5\"><\/div>\n\n\n\n<div class=\"wp-block-stackable-text stk-block-text stk-block stk-766f4c2\" data-block-id=\"766f4c2\"><style>.stk-766f4c2 .stk-block-text__text{font-size:20px !important;}@media screen and (max-width:999px){.stk-766f4c2 .stk-block-text__text{font-size:20px !important;}}<\/style><p class=\"stk-block-text__text has-text-align-justify\"><strong>Alexandra Valenti<\/strong> \u00e8 un\u2019artista nata a Philadelphia, negli Stati Uniti, e cresciuta in Italia in una famiglia multiculturale, con padre italiano e madre originaria della citt\u00e0 natale.<br>Ha trascorso la sua infanzia e adolescenza a Roma, dove ha frequentato una scuola americana, ottenendo il diploma. Dopo gli studi superiori, si \u00e8 trasferita nuovamente a Philadelphia per conseguire un Bachelor of Fine Arts presso la University of the Arts, un\u2019esperienza che ha arricchito la sua formazione e affinato le sue capacit\u00e0 artistiche.<br>Terminati gli studi, \u00e8 tornata in Italia, dove ha avviato una carriera come illustratrice, collaborando inizialmente con case editrici per progetti editoriali. Successivamente, ha approfondito l\u2019illustrazione medica, realizzando lavori per il Dipartimento di Neurochirurgia dell\u2019Universit\u00e0 La Sapienza di Roma. Questo interludio nel mondo dell\u2019illustrazione scientifica ha segnato un momento significativo nella sua carriera, fornendole nuove prospettive e strumenti espressivi.<br>Dopo questa parentesi, ha ripreso con rinnovato entusiasmo la sua attivit\u00e0 artistica, che continua tuttora. Negli ultimi anni, la sua ricerca artistica si \u00e8 ampliata, includendo progetti di film e animazione, ambiti in cui esplora nuove modalit\u00e0 di narrazione visiva e sperimentazione creativa.<br>I suoi lavori fanno parte di collezioni pubbliche e private di rilievo , tra cui il <strong>Provveditorato alle Opere Pubbliche di Roma, Il Senato della Repubblica e la Fondazione Roma.<\/strong><br>Alexandra Valenti vive e lavora a Roma<\/p><\/div>","protected":false},"excerpt":{"rendered":"<p>Alexandra Valenti \u00e8 un\u2019artista nata a Philadelphia, negli Stati Uniti, I suoi lavori fanno parte di collezioni pubbliche e private di rilievo , tra cui il Provveditorato alle Opere Pubbliche di Roma, Il Senato della Repubblica e la Fondazione Roma.<\/p>","protected":false},"author":3,"featured_media":0,"parent":0,"menu_order":0,"comment_status":"closed","ping_status":"closed","template":"","meta":{"_uag_custom_page_level_css":"","footnotes":""},"class_list":["post-975","page","type-page","status-publish","hentry"],"blocksy_meta":[],"yoast_head":"<!-- This site is optimized with the Yoast SEO plugin v26.9 - https:\/\/yoast.com\/product\/yoast-seo-wordpress\/ -->\n<title>ABOUT - Alexandra Valenti<\/title>\n<meta name=\"description\" content=\"Alexandra Valenti \u00e8 un\u2019artista nata a Philadelphia, I suoi lavori fanno parte di collezioni di rilievo , Il Senato della Repubblica.\" \/>\n<meta name=\"robots\" content=\"index, follow, max-snippet:-1, max-image-preview:large, max-video-preview:-1\" \/>\n<link rel=\"canonical\" href=\"https:\/\/alexandravalenti.it\/it\/about\/\" \/>\n<meta property=\"og:locale\" content=\"it_IT\" \/>\n<meta property=\"og:type\" content=\"article\" \/>\n<meta property=\"og:title\" content=\"ABOUT - Alexandra Valenti\" \/>\n<meta property=\"og:description\" content=\"Alexandra Valenti \u00e8 un\u2019artista nata a Philadelphia, I suoi lavori fanno parte di collezioni di rilievo , Il Senato della Repubblica.\" \/>\n<meta property=\"og:url\" content=\"https:\/\/alexandravalenti.it\/it\/about\/\" \/>\n<meta property=\"og:site_name\" content=\"Alexandra Valenti\" \/>\n<meta property=\"article:modified_time\" content=\"2025-11-11T11:22:18+00:00\" \/>\n<meta property=\"og:image\" content=\"https:\/\/alexandravalenti.it\/wp-content\/uploads\/2025\/06\/alex.webp\" \/>\n\t<meta property=\"og:image:width\" content=\"800\" \/>\n\t<meta property=\"og:image:height\" content=\"448\" \/>\n\t<meta property=\"og:image:type\" content=\"image\/webp\" \/>\n<meta name=\"twitter:card\" content=\"summary_large_image\" \/>\n<meta name=\"twitter:label1\" content=\"Tempo di lettura stimato\" \/>\n\t<meta name=\"twitter:data1\" content=\"2 minuti\" \/>\n<script type=\"application\/ld+json\" class=\"yoast-schema-graph\">{\"@context\":\"https:\/\/schema.org\",\"@graph\":[{\"@type\":\"WebPage\",\"@id\":\"https:\/\/alexandravalenti.it\/about\/\",\"url\":\"https:\/\/alexandravalenti.it\/about\/\",\"name\":\"ABOUT - Alexandra Valenti\",\"isPartOf\":{\"@id\":\"https:\/\/alexandravalenti.it\/#website\"},\"primaryImageOfPage\":{\"@id\":\"https:\/\/alexandravalenti.it\/about\/#primaryimage\"},\"image\":{\"@id\":\"https:\/\/alexandravalenti.it\/about\/#primaryimage\"},\"thumbnailUrl\":\"https:\/\/alexandravalenti.it\/wp-content\/uploads\/2025\/06\/alex.webp\",\"datePublished\":\"2025-06-05T16:24:43+00:00\",\"dateModified\":\"2025-11-11T11:22:18+00:00\",\"description\":\"Alexandra Valenti \u00e8 un\u2019artista nata a Philadelphia, I suoi lavori fanno parte di collezioni di rilievo , Il Senato della Repubblica.\",\"breadcrumb\":{\"@id\":\"https:\/\/alexandravalenti.it\/about\/#breadcrumb\"},\"inLanguage\":\"it-IT\",\"potentialAction\":[{\"@type\":\"ReadAction\",\"target\":[\"https:\/\/alexandravalenti.it\/about\/\"]}]},{\"@type\":\"ImageObject\",\"inLanguage\":\"it-IT\",\"@id\":\"https:\/\/alexandravalenti.it\/about\/#primaryimage\",\"url\":\"https:\/\/alexandravalenti.it\/wp-content\/uploads\/2025\/06\/alex.webp\",\"contentUrl\":\"https:\/\/alexandravalenti.it\/wp-content\/uploads\/2025\/06\/alex.webp\"},{\"@type\":\"BreadcrumbList\",\"@id\":\"https:\/\/alexandravalenti.it\/about\/#breadcrumb\",\"itemListElement\":[{\"@type\":\"ListItem\",\"position\":1,\"name\":\"Home\",\"item\":\"https:\/\/alexandravalenti.it\/\"},{\"@type\":\"ListItem\",\"position\":2,\"name\":\"ABOUT\"}]},{\"@type\":\"WebSite\",\"@id\":\"https:\/\/alexandravalenti.it\/#website\",\"url\":\"https:\/\/alexandravalenti.it\/\",\"name\":\"Alexandra Valenti\",\"description\":\"ART\",\"potentialAction\":[{\"@type\":\"SearchAction\",\"target\":{\"@type\":\"EntryPoint\",\"urlTemplate\":\"https:\/\/alexandravalenti.it\/?s={search_term_string}\"},\"query-input\":{\"@type\":\"PropertyValueSpecification\",\"valueRequired\":true,\"valueName\":\"search_term_string\"}}],\"inLanguage\":\"it-IT\"}]}<\/script>\n<!-- \/ Yoast SEO plugin. -->","yoast_head_json":{"title":"ABOUT - Alexandra Valenti","description":"Alexandra Valenti \u00e8 un\u2019artista nata a Philadelphia, I suoi lavori fanno parte di collezioni di rilievo , Il Senato della Repubblica.","robots":{"index":"index","follow":"follow","max-snippet":"max-snippet:-1","max-image-preview":"max-image-preview:large","max-video-preview":"max-video-preview:-1"},"canonical":"https:\/\/alexandravalenti.it\/it\/about\/","og_locale":"it_IT","og_type":"article","og_title":"ABOUT - Alexandra Valenti","og_description":"Alexandra Valenti \u00e8 un\u2019artista nata a Philadelphia, I suoi lavori fanno parte di collezioni di rilievo , Il Senato della Repubblica.","og_url":"https:\/\/alexandravalenti.it\/it\/about\/","og_site_name":"Alexandra Valenti","article_modified_time":"2025-11-11T11:22:18+00:00","og_image":[{"width":800,"height":448,"url":"https:\/\/alexandravalenti.it\/wp-content\/uploads\/2025\/06\/alex.webp","type":"image\/webp"}],"twitter_card":"summary_large_image","twitter_misc":{"Tempo di lettura stimato":"2 minuti"},"schema":{"@context":"https:\/\/schema.org","@graph":[{"@type":"WebPage","@id":"https:\/\/alexandravalenti.it\/about\/","url":"https:\/\/alexandravalenti.it\/about\/","name":"ABOUT - Alexandra Valenti","isPartOf":{"@id":"https:\/\/alexandravalenti.it\/#website"},"primaryImageOfPage":{"@id":"https:\/\/alexandravalenti.it\/about\/#primaryimage"},"image":{"@id":"https:\/\/alexandravalenti.it\/about\/#primaryimage"},"thumbnailUrl":"https:\/\/alexandravalenti.it\/wp-content\/uploads\/2025\/06\/alex.webp","datePublished":"2025-06-05T16:24:43+00:00","dateModified":"2025-11-11T11:22:18+00:00","description":"Alexandra Valenti \u00e8 un\u2019artista nata a Philadelphia, I suoi lavori fanno parte di collezioni di rilievo , Il Senato della Repubblica.","breadcrumb":{"@id":"https:\/\/alexandravalenti.it\/about\/#breadcrumb"},"inLanguage":"it-IT","potentialAction":[{"@type":"ReadAction","target":["https:\/\/alexandravalenti.it\/about\/"]}]},{"@type":"ImageObject","inLanguage":"it-IT","@id":"https:\/\/alexandravalenti.it\/about\/#primaryimage","url":"https:\/\/alexandravalenti.it\/wp-content\/uploads\/2025\/06\/alex.webp","contentUrl":"https:\/\/alexandravalenti.it\/wp-content\/uploads\/2025\/06\/alex.webp"},{"@type":"BreadcrumbList","@id":"https:\/\/alexandravalenti.it\/about\/#breadcrumb","itemListElement":[{"@type":"ListItem","position":1,"name":"Home","item":"https:\/\/alexandravalenti.it\/"},{"@type":"ListItem","position":2,"name":"ABOUT"}]},{"@type":"WebSite","@id":"https:\/\/alexandravalenti.it\/#website","url":"https:\/\/alexandravalenti.it\/","name":"Alexandra Valenti","description":"ART","potentialAction":[{"@type":"SearchAction","target":{"@type":"EntryPoint","urlTemplate":"https:\/\/alexandravalenti.it\/?s={search_term_string}"},"query-input":{"@type":"PropertyValueSpecification","valueRequired":true,"valueName":"search_term_string"}}],"inLanguage":"it-IT"}]}},"uagb_featured_image_src":{"full":false,"thumbnail":false,"medium":false,"medium_large":false,"large":false,"1536x1536":false,"2048x2048":false,"trp-custom-language-flag":false},"uagb_author_info":{"display_name":"massimo","author_link":"https:\/\/alexandravalenti.it\/it\/author\/punkodemax\/"},"uagb_comment_info":0,"uagb_excerpt":"Alexandra Valenti \u00e8 un\u2019artista nata a Philadelphia, negli Stati Uniti, I suoi lavori fanno parte di collezioni pubbliche e private di rilievo , tra cui il Provveditorato alle Opere Pubbliche di Roma, Il Senato della Repubblica e la Fondazione Roma.","_links":{"self":[{"href":"https:\/\/alexandravalenti.it\/it\/wp-json\/wp\/v2\/pages\/975","targetHints":{"allow":["GET"]}}],"collection":[{"href":"https:\/\/alexandravalenti.it\/it\/wp-json\/wp\/v2\/pages"}],"about":[{"href":"https:\/\/alexandravalenti.it\/it\/wp-json\/wp\/v2\/types\/page"}],"author":[{"embeddable":true,"href":"https:\/\/alexandravalenti.it\/it\/wp-json\/wp\/v2\/users\/3"}],"replies":[{"embeddable":true,"href":"https:\/\/alexandravalenti.it\/it\/wp-json\/wp\/v2\/comments?post=975"}],"version-history":[{"count":8,"href":"https:\/\/alexandravalenti.it\/it\/wp-json\/wp\/v2\/pages\/975\/revisions"}],"predecessor-version":[{"id":1235,"href":"https:\/\/alexandravalenti.it\/it\/wp-json\/wp\/v2\/pages\/975\/revisions\/1235"}],"wp:attachment":[{"href":"https:\/\/alexandravalenti.it\/it\/wp-json\/wp\/v2\/media?parent=975"}],"curies":[{"name":"wp","href":"https:\/\/api.w.org\/{rel}","templated":true}]}}