{"id":768,"date":"2025-05-13T19:09:58","date_gmt":"2025-05-13T19:09:58","guid":{"rendered":"https:\/\/alexandravalenti.it\/?page_id=768"},"modified":"2025-11-11T11:32:44","modified_gmt":"2025-11-11T11:32:44","slug":"palla","status":"publish","type":"page","link":"https:\/\/alexandravalenti.it\/it\/palla\/","title":{"rendered":"BREAKING BOUNDARIES"},"content":{"rendered":"<div class=\"wp-block-stackable-spacer stk-block-spacer stk--no-padding stk-block stk-c4587a3\" data-block-id=\"c4587a3\"><style>.stk-c4587a3 {height:100px !important;}<\/style><\/div>\n\n\n\n<div class=\"wp-block-stackable-heading stk-block-heading stk-block-heading--v2 stk-block stk-7e8d53e\" id=\"strong-breaking-boundaries-strong\" data-block-id=\"7e8d53e\"><h2 class=\"stk-block-heading__text has-text-align-center\"><strong>BREAKING BOUNDARIES<\/strong><\/h2><\/div>\n\n\n\n<div class=\"wp-block-stackable-heading stk-block-heading stk-block-heading--v2 stk-block stk-d410317\" id=\"2025\" data-block-id=\"d410317\"><h3 class=\"stk-block-heading__text has-text-align-center\">2025<\/h3><\/div>\n\n\n\n<div class=\"wp-block-stackable-columns stk-block-columns stk-block stk-acfb90b\" data-block-id=\"acfb90b\"><div class=\"stk-row stk-inner-blocks stk-block-content stk-content-align stk-acfb90b-column\">\n<div class=\"wp-block-stackable-column stk-block-column stk-column stk-block stk-c444ac7\" data-v=\"4\" data-block-id=\"c444ac7\"><style>@media screen and (min-width:690px){.stk-c444ac7 {flex:var(--stk-flex-grow, 1) 1 calc(25% - var(--stk-column-gap, 0px) * 2 \/ 3 ) !important;}}<\/style><div class=\"stk-column-wrapper stk-block-column__content stk-container stk-c444ac7-container stk--no-background stk--no-padding\"><div class=\"stk-block-content stk-inner-blocks stk-c444ac7-inner-blocks\"><\/div><\/div><\/div>\n\n\n\n<div class=\"wp-block-stackable-column stk-block-column stk-column stk-block stk-6932310\" data-v=\"4\" data-block-id=\"6932310\"><style>@media screen and (min-width:690px){.stk-6932310 {flex:var(--stk-flex-grow, 1) 1 calc(50% - var(--stk-column-gap, 0px) * 2 \/ 3 ) !important;}}<\/style><div class=\"stk-column-wrapper stk-block-column__content stk-container stk-6932310-container stk--no-background stk--no-padding\"><div class=\"stk-block-content stk-inner-blocks stk-6932310-inner-blocks\">\n<figure class=\"wp-block-embed is-type-video is-provider-youtube wp-block-embed-youtube wp-embed-aspect-4-3 wp-has-aspect-ratio\" style=\"margin-top:0;margin-right:0;margin-bottom:0;margin-left:0\"><div class=\"wp-block-embed__wrapper\">\n<iframe loading=\"lazy\" title=\"breaking boundaries\" width=\"1290\" height=\"968\" src=\"https:\/\/www.youtube.com\/embed\/yWMdK-9Cf8Y?feature=oembed\" frameborder=\"0\" allow=\"accelerometer; autoplay; clipboard-write; encrypted-media; gyroscope; picture-in-picture; web-share\" referrerpolicy=\"strict-origin-when-cross-origin\" allowfullscreen><\/iframe>\n<\/div><\/figure>\n<\/div><\/div><\/div>\n\n\n\n<div class=\"wp-block-stackable-column stk-block-column stk-column stk-block stk-4d94a6c\" data-v=\"4\" data-block-id=\"4d94a6c\"><style>@media screen and (min-width:690px){.stk-4d94a6c {flex:var(--stk-flex-grow, 1) 1 calc(25% - var(--stk-column-gap, 0px) * 2 \/ 3 ) !important;}}<\/style><div class=\"stk-column-wrapper stk-block-column__content stk-container stk-4d94a6c-container stk--no-background stk--no-padding\"><div class=\"stk-block-content stk-inner-blocks stk-4d94a6c-inner-blocks\"><\/div><\/div><\/div>\n<\/div><\/div>\n\n\n\n<div class=\"wp-block-stackable-spacer stk-block-spacer stk--no-padding stk-block stk-b6cf74e\" data-block-id=\"b6cf74e\"><\/div>\n\n\n\n<div class=\"wp-block-stackable-text stk-block-text stk-block stk-cf2ac19\" data-block-id=\"cf2ac19\"><p class=\"stk-block-text__text has-text-align-justify translation-block\">Breaking Boundaries \u00e8 un video animato in cui l'atto del disegno diventa performativo\ne narrativo. Nel video, compongo un'immagine tracciando linee su un grande foglio di carta\ncon uno sfondo continuo: la composizione si crea davanti ai nostri occhi, ma il confine\ntra il creatore e la creazione si dissolve. Si entra nel disegno stesso, lo si abita e\nlo si attraversa.\nRealt\u00e0 e immaginazione si intrecciano, generando un paesaggio che \u00e8 al tempo stesso costruzione ed esperienza. Breaking Boundaries diventa cos\u00ec un luogo mentale, un tempo sospeso, dove il segno diventa spazio e il gesto apre varchi nell'immaginazione<\/p><\/div>\n\n\n\n<div class=\"wp-block-stackable-columns stk-block-columns stk-block stk-54808be\" data-block-id=\"54808be\"><style>.stk-54808be {padding-top:30px !important;padding-right:30px !important;padding-bottom:30px !important;padding-left:30px !important;}<\/style><div class=\"stk-row stk-inner-blocks stk-block-content stk-content-align stk-54808be-column\">\n<div class=\"wp-block-stackable-column stk-block-column stk-column stk-block stk-0e68735\" data-v=\"4\" data-block-id=\"0e68735\"><div class=\"stk-column-wrapper stk-block-column__content stk-container stk-0e68735-container stk--no-background stk--no-padding\"><div class=\"stk-block-content stk-inner-blocks stk-0e68735-inner-blocks\">\n<div class=\"wp-block-stackable-heading stk-block-heading stk-block-heading--v2 stk-block stk-7a86a95\" id=\"study-for-breaking-boundaries\" data-block-id=\"7a86a95\"><h3 class=\"stk-block-heading__text has-text-align-center\">Studio per Breaking Boundaries<\/h3><\/div>\n\n\n\n<div class=\"wp-block-stackable-image stk-block-image stk-block stk-7a34dcb\" data-block-id=\"7a34dcb\"><style>.stk-7a34dcb .stk-img-wrapper{width:50% !important;}@media screen and (max-width:689px){.stk-7a34dcb .stk-img-wrapper{width:100% !important;}}<\/style><figure><span class=\"stk-img-wrapper stk-image--shape-stretch stk--has-lightbox\"><img loading=\"lazy\" decoding=\"async\" class=\"stk-img wp-image-766\" src=\"https:\/\/alexandravalenti.it\/wp-content\/uploads\/2025\/05\/deserto-mod-web.webp\" width=\"800\" height=\"549\" alt=\"DESERTO\" srcset=\"https:\/\/alexandravalenti.it\/wp-content\/uploads\/2025\/05\/deserto-mod-web.webp 800w, https:\/\/alexandravalenti.it\/wp-content\/uploads\/2025\/05\/deserto-mod-web-300x206.webp 300w, https:\/\/alexandravalenti.it\/wp-content\/uploads\/2025\/05\/deserto-mod-web-768x527.webp 768w\" sizes=\"auto, (max-width: 800px) 100vw, 800px\" \/><\/span><\/figure><\/div>\n\n\n\n<div class=\"wp-block-stackable-text stk-block-text stk-block stk-0b2eeb2\" data-block-id=\"0b2eeb2\"><p class=\"stk-block-text__text has-text-align-center\">Tempera e carboncino su carta, 70 x 100 cm<\/p><\/div>\n\n\n\n<div class=\"wp-block-stackable-spacer stk-block-spacer stk--no-padding stk-block stk-4f10779\" data-block-id=\"4f10779\"><\/div>\n\n\n\n<div class=\"wp-block-stackable-heading stk-block-heading stk-block-heading--v2 stk-block stk-b70fa0c\" id=\"storyboard\" data-block-id=\"b70fa0c\"><h3 class=\"stk-block-heading__text has-text-align-center\">STORYBOARD<\/h3><\/div>\n\n\n\n<div class=\"wp-block-stackable-image stk-block-image stk-block stk-36f1e38\" data-block-id=\"36f1e38\"><style>.stk-36f1e38 .stk-img-wrapper{width:50% !important;}@media screen and (max-width:689px){.stk-36f1e38 .stk-img-wrapper{width:100% !important;}}<\/style><figure><span class=\"stk-img-wrapper stk-image--shape-stretch stk--has-lightbox\"><img loading=\"lazy\" decoding=\"async\" class=\"stk-img wp-image-779\" src=\"https:\/\/alexandravalenti.it\/wp-content\/uploads\/2025\/05\/Foto-BB.webp\" width=\"800\" height=\"450\" alt=\"COLLAGE\" srcset=\"https:\/\/alexandravalenti.it\/wp-content\/uploads\/2025\/05\/Foto-BB.webp 800w, https:\/\/alexandravalenti.it\/wp-content\/uploads\/2025\/05\/Foto-BB-300x169.webp 300w, https:\/\/alexandravalenti.it\/wp-content\/uploads\/2025\/05\/Foto-BB-768x432.webp 768w\" sizes=\"auto, (max-width: 800px) 100vw, 800px\" \/><\/span><\/figure><\/div>\n\n\n\n<div class=\"wp-block-stackable-text stk-block-text stk-block stk-5397299\" data-block-id=\"5397299\"><p class=\"stk-block-text__text has-text-align-center\">FineArt su Hahnemuhle<br>Photo by Lorenzo De Masi<\/p><\/div>\n\n\n\n<div class=\"wp-block-stackable-spacer stk-block-spacer stk--no-padding stk-block stk-6831119\" data-block-id=\"6831119\"><\/div>\n<\/div><\/div><\/div>\n<\/div><\/div>\n\n\n\n<p><\/p>","protected":false},"excerpt":{"rendered":"<p>BREAKING BOUNDARIES, opera multimediale dell&#8217;artista Alexandra Valenti accompagnata da disegni in carboncino su carta<\/p>","protected":false},"author":3,"featured_media":0,"parent":0,"menu_order":0,"comment_status":"closed","ping_status":"closed","template":"","meta":{"_uag_custom_page_level_css":"","footnotes":""},"class_list":["post-768","page","type-page","status-publish","hentry"],"blocksy_meta":[],"yoast_head":"<!-- This site is optimized with the Yoast SEO plugin v26.9 - https:\/\/yoast.com\/product\/yoast-seo-wordpress\/ -->\n<title>BREAKING BOUNDARIES - Alexandra Valenti<\/title>\n<meta name=\"robots\" content=\"index, follow, max-snippet:-1, max-image-preview:large, max-video-preview:-1\" \/>\n<link rel=\"canonical\" href=\"https:\/\/alexandravalenti.it\/it\/palla\/\" \/>\n<meta property=\"og:locale\" content=\"it_IT\" \/>\n<meta property=\"og:type\" content=\"article\" \/>\n<meta property=\"og:title\" content=\"BREAKING BOUNDARIES - Alexandra Valenti\" \/>\n<meta property=\"og:description\" content=\"BREAKING BOUNDARIES, opera multimediale dell&#039;artista Alexandra Valenti accompagnata da disegni in carboncino su carta\" \/>\n<meta property=\"og:url\" content=\"https:\/\/alexandravalenti.it\/it\/palla\/\" \/>\n<meta property=\"og:site_name\" content=\"Alexandra Valenti\" \/>\n<meta property=\"article:modified_time\" content=\"2025-11-11T11:32:44+00:00\" \/>\n<meta name=\"twitter:card\" content=\"summary_large_image\" \/>\n<meta name=\"twitter:label1\" content=\"Tempo di lettura stimato\" \/>\n\t<meta name=\"twitter:data1\" content=\"2 minuti\" \/>\n<script type=\"application\/ld+json\" class=\"yoast-schema-graph\">{\"@context\":\"https:\/\/schema.org\",\"@graph\":[{\"@type\":\"WebPage\",\"@id\":\"https:\/\/alexandravalenti.it\/palla\/\",\"url\":\"https:\/\/alexandravalenti.it\/palla\/\",\"name\":\"BREAKING BOUNDARIES - Alexandra Valenti\",\"isPartOf\":{\"@id\":\"https:\/\/alexandravalenti.it\/#website\"},\"datePublished\":\"2025-05-13T19:09:58+00:00\",\"dateModified\":\"2025-11-11T11:32:44+00:00\",\"breadcrumb\":{\"@id\":\"https:\/\/alexandravalenti.it\/palla\/#breadcrumb\"},\"inLanguage\":\"it-IT\",\"potentialAction\":[{\"@type\":\"ReadAction\",\"target\":[\"https:\/\/alexandravalenti.it\/palla\/\"]}]},{\"@type\":\"BreadcrumbList\",\"@id\":\"https:\/\/alexandravalenti.it\/palla\/#breadcrumb\",\"itemListElement\":[{\"@type\":\"ListItem\",\"position\":1,\"name\":\"Home\",\"item\":\"https:\/\/alexandravalenti.it\/\"},{\"@type\":\"ListItem\",\"position\":2,\"name\":\"BREAKING BOUNDARIES\"}]},{\"@type\":\"WebSite\",\"@id\":\"https:\/\/alexandravalenti.it\/#website\",\"url\":\"https:\/\/alexandravalenti.it\/\",\"name\":\"Alexandra Valenti\",\"description\":\"ART\",\"potentialAction\":[{\"@type\":\"SearchAction\",\"target\":{\"@type\":\"EntryPoint\",\"urlTemplate\":\"https:\/\/alexandravalenti.it\/?s={search_term_string}\"},\"query-input\":{\"@type\":\"PropertyValueSpecification\",\"valueRequired\":true,\"valueName\":\"search_term_string\"}}],\"inLanguage\":\"it-IT\"}]}<\/script>\n<!-- \/ Yoast SEO plugin. -->","yoast_head_json":{"title":"BREAKING BOUNDARIES - Alexandra Valenti","robots":{"index":"index","follow":"follow","max-snippet":"max-snippet:-1","max-image-preview":"max-image-preview:large","max-video-preview":"max-video-preview:-1"},"canonical":"https:\/\/alexandravalenti.it\/it\/palla\/","og_locale":"it_IT","og_type":"article","og_title":"BREAKING BOUNDARIES - Alexandra Valenti","og_description":"BREAKING BOUNDARIES, opera multimediale dell'artista Alexandra Valenti accompagnata da disegni in carboncino su carta","og_url":"https:\/\/alexandravalenti.it\/it\/palla\/","og_site_name":"Alexandra Valenti","article_modified_time":"2025-11-11T11:32:44+00:00","twitter_card":"summary_large_image","twitter_misc":{"Tempo di lettura stimato":"2 minuti"},"schema":{"@context":"https:\/\/schema.org","@graph":[{"@type":"WebPage","@id":"https:\/\/alexandravalenti.it\/palla\/","url":"https:\/\/alexandravalenti.it\/palla\/","name":"BREAKING BOUNDARIES - Alexandra Valenti","isPartOf":{"@id":"https:\/\/alexandravalenti.it\/#website"},"datePublished":"2025-05-13T19:09:58+00:00","dateModified":"2025-11-11T11:32:44+00:00","breadcrumb":{"@id":"https:\/\/alexandravalenti.it\/palla\/#breadcrumb"},"inLanguage":"it-IT","potentialAction":[{"@type":"ReadAction","target":["https:\/\/alexandravalenti.it\/palla\/"]}]},{"@type":"BreadcrumbList","@id":"https:\/\/alexandravalenti.it\/palla\/#breadcrumb","itemListElement":[{"@type":"ListItem","position":1,"name":"Home","item":"https:\/\/alexandravalenti.it\/"},{"@type":"ListItem","position":2,"name":"BREAKING BOUNDARIES"}]},{"@type":"WebSite","@id":"https:\/\/alexandravalenti.it\/#website","url":"https:\/\/alexandravalenti.it\/","name":"Alexandra Valenti","description":"ART","potentialAction":[{"@type":"SearchAction","target":{"@type":"EntryPoint","urlTemplate":"https:\/\/alexandravalenti.it\/?s={search_term_string}"},"query-input":{"@type":"PropertyValueSpecification","valueRequired":true,"valueName":"search_term_string"}}],"inLanguage":"it-IT"}]}},"uagb_featured_image_src":{"full":false,"thumbnail":false,"medium":false,"medium_large":false,"large":false,"1536x1536":false,"2048x2048":false,"trp-custom-language-flag":false},"uagb_author_info":{"display_name":"massimo","author_link":"https:\/\/alexandravalenti.it\/it\/author\/punkodemax\/"},"uagb_comment_info":0,"uagb_excerpt":"BREAKING BOUNDARIES, opera multimediale dell'artista Alexandra Valenti accompagnata da disegni in carboncino su carta","_links":{"self":[{"href":"https:\/\/alexandravalenti.it\/it\/wp-json\/wp\/v2\/pages\/768","targetHints":{"allow":["GET"]}}],"collection":[{"href":"https:\/\/alexandravalenti.it\/it\/wp-json\/wp\/v2\/pages"}],"about":[{"href":"https:\/\/alexandravalenti.it\/it\/wp-json\/wp\/v2\/types\/page"}],"author":[{"embeddable":true,"href":"https:\/\/alexandravalenti.it\/it\/wp-json\/wp\/v2\/users\/3"}],"replies":[{"embeddable":true,"href":"https:\/\/alexandravalenti.it\/it\/wp-json\/wp\/v2\/comments?post=768"}],"version-history":[{"count":19,"href":"https:\/\/alexandravalenti.it\/it\/wp-json\/wp\/v2\/pages\/768\/revisions"}],"predecessor-version":[{"id":1242,"href":"https:\/\/alexandravalenti.it\/it\/wp-json\/wp\/v2\/pages\/768\/revisions\/1242"}],"wp:attachment":[{"href":"https:\/\/alexandravalenti.it\/it\/wp-json\/wp\/v2\/media?parent=768"}],"curies":[{"name":"wp","href":"https:\/\/api.w.org\/{rel}","templated":true}]}}